{"id":108,"date":"2023-01-30T16:10:24","date_gmt":"2023-01-30T15:10:24","guid":{"rendered":"http:\/\/en-decker.pl\/index.php\/kariera\/"},"modified":"2023-01-30T18:24:02","modified_gmt":"2023-01-30T17:24:02","slug":"kariera","status":"publish","type":"page","link":"https:\/\/en-decker.pl\/index.php\/kariera\/","title":{"rendered":"Kariera"},"content":{"rendered":"\n  \n    \n    <section class=\"u-clearfix u-white u-section-2\" id=\"carousel_c752\">\n      <div class=\"u-clearfix u-sheet u-sheet-1\">\n        <div class=\"u-clearfix u-expanded-width u-layout-wrap u-layout-wrap-1\">\n          <div class=\"u-layout\">\n            <div class=\"u-layout-row\">\n              <div class=\"u-align-right u-container-style u-layout-cell u-size-24 u-layout-cell-1\">\n                <div class=\"u-container-layout u-valign-top u-container-layout-1\">\n                  <h3 class=\"u-align-left u-text u-text-1\">\n                    <span style=\"font-size: 1.875rem;\"><b>Kariera w En-Decker<\/b>\n                    <\/span>\n                    <span style=\"font-size: 2rem;\"><\/span>\n                    <br>\n                    <br><b><\/b>\n                    <span style=\"font-size: 1.25rem;\"><b>Dlaczego\nwarto?<\/b>\n                      <br>\n                      <br><b>J<\/b><b>akie\numiej\u0119tno\u015bci cenimy?<\/b>\n                      <br>\n                      <br><b>J<\/b><b>ak\nmo\u017cesz do\u0142\u0105czy\u0107 do naszego zespo\u0142u?<\/b>\n                    <\/span>\n                    <br>\n                  <\/h3>\n                  <div class=\"u-palette-1-base u-shape u-shape-circle u-shape-1\" data-animation-name=\"customAnimationIn\" data-animation-duration=\"1000\"><\/div>\n                <\/div>\n              <\/div>\n              <div class=\"u-align-justify-lg u-align-justify-xl u-container-style u-layout-cell u-shape-rectangle u-size-36 u-layout-cell-2\">\n                <div class=\"u-container-layout u-valign-top u-container-layout-2\">\n                  <p class=\"u-align-justify-md u-align-justify-sm u-align-justify-xs u-text u-text-default u-text-2\"><b>Kariera w En-Decker<\/b>\n                    <br> W\nzwi\u0105zku z rozwojem naszej\nfirmy\nposzukujemy pracownik\u00f3w na stanowiska z zakresu naszej dzia\u0142alno\u015bci. <br><b><\/b><b><\/b>\n                  <\/p>\n                  <p class=\"u-align-justify-md u-align-justify-sm u-align-justify-xs u-text u-text-default u-text-3\"> Dlaczego warto?<\/p>\n                  <ul class=\"u-align-left-md u-align-left-sm u-align-left-xs u-custom-list u-file-icon u-text u-text-4\">\n                    <li>\n                      <div class=\"u-list-icon\">\n                        <img decoding=\"async\" src=\"https:\/\/en-decker.pl\/wp-content\/uploads\/2023\/01\/868604-1.png\" alt=\"\">\n                      <\/div> pe\u0142ne wsparcie podczas wdra\u017cania do pracy na wszystkich <br>stanowiskach \n                    <\/li>\n                    <li>\n                      <div class=\"u-list-icon\">\n                        <img decoding=\"async\" src=\"https:\/\/en-decker.pl\/wp-content\/uploads\/2023\/01\/868604-1.png\" alt=\"\">\n                      <\/div>stabilne zatrudnienie z atrakcyjnym wynagrodzeniem w ramach umowy o <br>prac\u0119 \n                    <\/li>\n                    <li>\n                      <div class=\"u-list-icon\">\n                        <img decoding=\"async\" src=\"https:\/\/en-decker.pl\/wp-content\/uploads\/2023\/01\/868604-1.png\" alt=\"\">\n                      <\/div>benefity w postaci: dodatkowych premii i dodatk\u00f3w, prywatnej opieki <br>medycznej, ubezpieczenia, dofinansowania do studi\u00f3w kierunkowych <br>oraz szkole\u0144 \n                    <\/li>\n                    <li>\n                      <div class=\"u-list-icon\">\n                        <img decoding=\"async\" src=\"https:\/\/en-decker.pl\/wp-content\/uploads\/2023\/01\/868604-1.png\" alt=\"\">\n                      <\/div>zgrany zesp\u00f3\u0142 \n                    <\/li>\n                  <\/ul>\n                  <p class=\"u-align-justify-md u-align-justify-sm u-align-justify-xs u-text u-text-5\"> Jakie umiej\u0119tno\u015bci cenimy?<\/p>\n                  <ul class=\"u-align-left-md u-align-left-sm u-align-left-xs u-custom-list u-file-icon u-text u-text-6\" data-animation-name=\"\" data-animation-duration=\"0\" data-animation-delay=\"0\" data-animation-direction=\"\">\n                    <li>\n                      <div class=\"u-list-icon\">\n                        <img decoding=\"async\" src=\"https:\/\/en-decker.pl\/wp-content\/uploads\/2023\/01\/868604-1.png\" alt=\"\">\n                      <\/div>umiej\u0119tno\u015b\u0107 pr\u200bacy zespo\u0142owej \n                    <\/li>\n                    <li>\n                      <div class=\"u-list-icon\">\n                        <img decoding=\"async\" src=\"https:\/\/en-decker.pl\/wp-content\/uploads\/2023\/01\/868604-1.png\" alt=\"\">\n                      <\/div>sumienno\u015b\u0107 \n                    <\/li>\n                    <li>\n                      <div class=\"u-list-icon\">\n                        <img decoding=\"async\" src=\"https:\/\/en-decker.pl\/wp-content\/uploads\/2023\/01\/868604-1.png\" alt=\"\">\n                      <\/div>dobr\u0105 organizacj\u0119 czasu pracy \n                    <\/li>\n                    <li>\n                      <div class=\"u-list-icon\">\n                        <img decoding=\"async\" src=\"https:\/\/en-decker.pl\/wp-content\/uploads\/2023\/01\/868604-1.png\" alt=\"\">\n                      <\/div>otwarto\u015b\u0107 na nowe wyzwania&nbsp; \n                    <\/li>\n                    <li>\n                      <div class=\"u-list-icon\">\n                        <img decoding=\"async\" src=\"https:\/\/en-decker.pl\/wp-content\/uploads\/2023\/01\/868604-1.png\" alt=\"\">\n                      <\/div>wykorzystanie teoretycznej wiedzy i umiej\u0119tno\u015bci w praktyce \n                    <\/li>\n                  <\/ul>\n                  <p class=\"u-align-justify-md u-align-justify-sm u-align-justify-xs u-text u-text-7\"> Jak mo\u017cesz do\u0142\u0105czy\u0107 do naszego zespo\u0142u?<\/p>\n                  <p class=\"u-text u-text-8\">Wy\u015blij CV za pomoc\u0105 poni\u017cszego formularza... i czekaj na kontakt z naszej strony.<\/p>\n                <\/div>\n              <\/div>\n            <\/div>\n          <\/div>\n        <\/div>\n      <\/div>\n    <\/section>\n    <section class=\"u-align-center u-clearfix u-grey-10 u-section-3\" id=\"sec-fef7\">\n      <div class=\"u-clearfix u-sheet u-sheet-1\">\n        <h1 class=\"u-text u-text-default u-text-palette-1-base u-text-1\">Wy\u015blij CV<\/h1>\n        <div class=\"u-form u-form-1\" data-animation-name=\"\" data-animation-duration=\"0\" data-animation-delay=\"0\" data-animation-direction=\"\">\n                  <script>\n            function onSuccess(event) {\n                if (typeof window.serviceRequest !== 'undefined') {\n                    window.serviceRequest(jQuery(this).find('form'));\n                }\n                var msgContainer = jQuery(event.currentTarget).find('.wpcf7-response-output');\n                msgContainer.removeClass('u-form-send-error').addClass('u-form-send-message u-form-send-success');\n                msgContainer.show();\n                var redirectAddress = jQuery(event.currentTarget).find('[redirect-address]').attr('redirect-address');\n                if (redirectAddress) {\n                    setTimeout(function () {\n                        location.replace(redirectAddress);\n                    }, 2000);\n                }\n            }\n            function onError(event) {\n                var msgContainer = jQuery(event.currentTarget).find('.wpcf7-response-output');\n                msgContainer.removeClass('u-form-send-success').addClass('u-form-send-message u-form-send-error');\n                msgContainer.show();\n            }\n\n            jQuery('body')\n                .on('wpcf7mailsent',   '.u-form .wpcf7', onSuccess)\n                .on('wpcf7invalid',    '.u-form .wpcf7', onError)\n                .on('wpcf7:unaccepted', '.u-form .wpcf7', onError)\n                .on('wpcf7spam',       '.u-form .wpcf7', onError)\n                .on('wpcf7:aborted',    '.u-form .wpcf7', onError)\n                .on('wpcf7mailfailed', '.u-form .wpcf7', onError);\n        <\/script>\n        <style>\n            .u-form .wpcf7-response-output {\n                \/*position: relative !important;*\/\n                margin: 0 !important;\n                bottom: -70px!important;\n            }\n            .u-form .wpcf7 .ajax-loader {\n                margin-left: -24px;\n                margin-right: 0;\n            }\n        <\/style>\n\n<div class=\"wpcf7 no-js\" id=\"wpcf7-f136-o1\" lang=\"pl-PL\" dir=\"ltr\" data-wpcf7-id=\"136\">\n<div class=\"screen-reader-response\"><p role=\"status\" aria-live=\"polite\" aria-atomic=\"true\"><\/p> <ul><\/ul><\/div>\n<form style=\"padding: 10px\" action=\"\/index.php\/wp-json\/wp\/v2\/pages\/108#wpcf7-f136-o1\" method=\"post\" class=\"wpcf7-form init u-clearfix u-form-spacing-20 u-form-vertical u-inner-form u-form-custom-backend\" aria-label=\"Formularz kontaktowy\" enctype=\"multipart\/form-data\" novalidate=\"novalidate\" data-status=\"init\">\n<fieldset class=\"hidden-fields-container\"><input type=\"hidden\" name=\"_wpcf7\" value=\"136\" \/><input type=\"hidden\" name=\"_wpcf7_version\" value=\"6.1.5\" \/><input type=\"hidden\" name=\"_wpcf7_locale\" value=\"pl_PL\" \/><input type=\"hidden\" name=\"_wpcf7_unit_tag\" value=\"wpcf7-f136-o1\" \/><input type=\"hidden\" name=\"_wpcf7_container_post\" value=\"0\" \/><input type=\"hidden\" name=\"_wpcf7_posted_data_hash\" value=\"\" \/>\n<\/fieldset>\n\n            <div class=\"u-form-email u-form-group wpcf7-form-control-wrap u-label-top\">\n              <label for=\"email-3b9a\" class=\"u-label u-text-palette-1-base u-label-1\">E-mail<\/label>\n              <input type=\"email\" placeholder=\"Wpisz adres e-mail...\" id=\"email-3b9a\" name=\"email\" class=\"u-border-2 u-border-no-left u-border-no-right u-border-no-top u-border-palette-1-base u-input wpcf7-form-control u-input-rectangle u-input-1\" required=\"\">\n            <\/div>\n            <div class=\"u-form-group wpcf7-form-control-wrap u-form-phone u-label-top u-form-group wpcf7-form-control-wrap-2\">\n              <label for=\"phone-e213\" class=\"u-label u-text-palette-1-base u-label-2\">Telefon<\/label>\n              <input type=\"tel\" pattern=\"+?d{0,3}[s(-]?([0-9]{2,3})[s)-]?([s-]?)([0-9]{3})[s-]?([0-9]{2})[s-]?([0-9]{2})\" placeholder=\"Wpisz numer telefonu...\" id=\"phone-e213\" name=\"tel\" class=\"u-border-2 u-border-no-left u-border-no-right u-border-no-top u-border-palette-1-base u-input wpcf7-form-control u-input-rectangle u-input-2\" required=\"\">\n            <\/div>\n            <div class=\"u-form-group wpcf7-form-control-wrap u-form-message u-label-top\">\n              <label for=\"message-3b9a\" class=\"u-label u-text-palette-1-base u-label-3\">Wiadomo\u015b\u0107 (opcjonalnie)<\/label>\n              <textarea placeholder=\"Wpisz tre\u015b\u0107 wiadomo\u015bci...\" rows=\"4\" cols=\"50\" id=\"message-3b9a\" name=\"message\" class=\"u-border-2 u-border-no-left u-border-no-right u-border-no-top u-border-palette-1-base u-input wpcf7-form-control u-input-rectangle u-input-3\"><\/textarea>\n            <\/div>\n            <div class=\"u-form-file-upload u-form-group wpcf7-form-control-wrap u-label-top u-form-group wpcf7-form-control-wrap-4\">\n              <label for=\"file-upload-eab3\" class=\"u-label u-text-palette-1-base u-label-4\">Dodaj plik z CV<\/label>\n              <div class=\"u-file-input-wrapper\">\n                <a class=\"u-btn u-button-style u-upload-button\">Dodaj plik...<\/a>\n                <div class=\"u-file-list\">\n                  <div class=\"u-file-item u-file-template\">\n                    <span class=\"u-file-name u-text\">FileExample.pdf<\/span><span class=\"u-file-remove u-icon u-text-grey-30 u-icon-1\"><svg class=\"u-svg-link\" preserveAspectRatio=\"xMidYMin slice\" viewBox=\"0 0 51.976 51.976\" style=\"\"><use xmlns:xlink=\"http:\/\/www.w3.org\/1999\/xlink\" xlink:href=\"#svg-82ab\"><\/use><\/svg><svg class=\"u-svg-content\" viewBox=\"0 0 51.976 51.976\" x=\"0px\" y=\"0px\" id=\"svg-82ab\" style=\"enable-background:new 0 0 51.976 51.976;\"><g><path d=\"M44.373,7.603c-10.137-10.137-26.632-10.138-36.77,0c-10.138,10.138-10.137,26.632,0,36.77s26.632,10.138,36.77,0\n\t\tC54.51,34.235,54.51,17.74,44.373,7.603z M36.241,36.241c-0.781,0.781-2.047,0.781-2.828,0l-7.425-7.425l-7.778,7.778\n\t\tc-0.781,0.781-2.047,0.781-2.828,0c-0.781-0.781-0.781-2.047,0-2.828l7.778-7.778l-7.425-7.425c-0.781-0.781-0.781-2.048,0-2.828\n\t\tc0.781-0.781,2.047-0.781,2.828,0l7.425,7.425l7.071-7.071c0.781-0.781,2.047-0.781,2.828,0c0.781,0.781,0.781,2.047,0,2.828\n\t\tl-7.071,7.071l7.425,7.425C37.022,34.194,37.022,35.46,36.241,36.241z\"><\/path>\n<\/g><\/svg><\/span>\n                  <\/div>\n                <\/div>\n                <p class=\"u-file-max u-text u-text-grey-30 u-text-3\">Maksymalny rozmiar pliku: 10 MB<\/p>\n                <span class=\"u-file-group wpcf7-form-control-wrap file\">\n                  <input type=\"file\" id=\"file-upload-eab3\" name=\"file\" class=\"u-border-2 u-border-no-left u-border-no-right u-border-no-top u-border-palette-1-base u-input wpcf7-form-control u-input-rectangle u-input-4\" required=\"\" accept=\".pdf,.doc,.docx,.ppt,.pptx,.odt\" >\n                <\/span>\n              <\/div>\n            <\/div>\n            <div class=\"u-align-center u-form-group wpcf7-form-control-wrap u-form-submit wpcf7-form-control u-label-top\">\n              <a href=\"#\" class=\"u-active-white u-btn u-btn-round u-btn-submit wpcf7-submit u-button-style u-hover-white u-palette-1-base u-radius-50 u-text-active-palette-1-base u-text-body-alt-color u-text-hover-palette-1-base u-btn-2\" data-animation-name=\"\" data-animation-duration=\"0\" data-animation-delay=\"0\" data-animation-direction=\"\">Wy\u015blij CV<\/a>\n              <input type=\"submit\" value=\"submit\" class=\"u-form-control-hidden\">\n            <\/div>\n            <div class=\"u-form-send-message u-form-send-success\"> Thank you! Your message has been sent. <\/div>\n            <div class=\"u-form-send-error u-form-send-message\"> Unable to send your message. Please fix errors then try again. <\/div>\n            <input type=\"hidden\" value=\"\" name=\"recaptchaResponse\">\n            <input type=\"hidden\" name=\"formServices\" value=\"45a3dbe5dd77828ad49264be6f22584a\">\n          <input type=\"hidden\" name=\"_contact7_backend\" value=\"1\"><div class=\"wpcf7-response-output\" aria-hidden=\"true\"><\/div>\n<\/form>\n<\/div>\n\n        <\/div>\n      <\/div>\n    <\/section>\n    \n    \n  \n","protected":false},"excerpt":{"rendered":"<p>Kariera w En-Decker Dlaczego warto? Jakie umiej\u0119tno\u015bci cenimy? Jak mo\u017cesz do\u0142\u0105czy\u0107 do naszego zespo\u0142u? Kariera w En-Decker W zwi\u0105zku z rozwojem naszej firmy poszukujemy pracownik\u00f3w na stanowiska z zakresu naszej dzia\u0142alno\u015bci. Dlaczego warto? pe\u0142ne wsparcie podczas wdra\u017cania do pracy na wszystkich stanowiskach stabilne zatrudnienie z atrakcyjnym wynagrodzeniem w ramach umowy o prac\u0119 benefity w postaci: &hellip; <a href=\"https:\/\/en-decker.pl\/index.php\/kariera\/\" class=\"more-link\">Continue reading<span class=\"screen-reader-text\"> &#8222;Kariera&#8221;<\/span><\/a><\/p>\n","protected":false},"author":1,"featured_media":0,"parent":0,"menu_order":3,"comment_status":"closed","ping_status":"closed","template":"","meta":{"om_disable_all_campaigns":false,"_monsterinsights_skip_tracking":false,"_monsterinsights_sitenote_active":false,"_monsterinsights_sitenote_note":"","_monsterinsights_sitenote_category":0,"footnotes":""},"class_list":["post-108","page","type-page","status-publish","hentry"],"aioseo_notices":[],"_links":{"self":[{"href":"https:\/\/en-decker.pl\/index.php\/wp-json\/wp\/v2\/pages\/108","targetHints":{"allow":["GET"]}}],"collection":[{"href":"https:\/\/en-decker.pl\/index.php\/wp-json\/wp\/v2\/pages"}],"about":[{"href":"https:\/\/en-decker.pl\/index.php\/wp-json\/wp\/v2\/types\/page"}],"author":[{"embeddable":true,"href":"https:\/\/en-decker.pl\/index.php\/wp-json\/wp\/v2\/users\/1"}],"replies":[{"embeddable":true,"href":"https:\/\/en-decker.pl\/index.php\/wp-json\/wp\/v2\/comments?post=108"}],"version-history":[{"count":4,"href":"https:\/\/en-decker.pl\/index.php\/wp-json\/wp\/v2\/pages\/108\/revisions"}],"predecessor-version":[{"id":149,"href":"https:\/\/en-decker.pl\/index.php\/wp-json\/wp\/v2\/pages\/108\/revisions\/149"}],"wp:attachment":[{"href":"https:\/\/en-decker.pl\/index.php\/wp-json\/wp\/v2\/media?parent=108"}],"curies":[{"name":"wp","href":"https:\/\/api.w.org\/{rel}","templated":true}]}}