{"id":106,"date":"2023-01-30T16:10:22","date_gmt":"2023-01-30T15:10:22","guid":{"rendered":"http:\/\/en-decker.pl\/index.php\/video\/"},"modified":"2023-01-30T18:21:02","modified_gmt":"2023-01-30T17:21:02","slug":"video","status":"publish","type":"page","link":"https:\/\/en-decker.pl\/index.php\/video\/","title":{"rendered":"Video"},"content":{"rendered":"\n  \n    \n    <section class=\"u-clearfix u-section-2\" id=\"sec-df90\">\n      <div class=\"u-clearfix u-sheet u-sheet-1\">\n        <div class=\"u-clearfix u-expanded-width u-gutter-50 u-layout-wrap u-layout-wrap-1\">\n          <div class=\"u-layout\">\n            <div class=\"u-layout-row\">\n              <div class=\"u-align-left u-container-style u-layout-cell u-left-cell u-size-30 u-layout-cell-1\">\n                <div class=\"u-container-layout u-container-layout-1\">\n                  <div class=\"u-expanded u-video u-video-1\" data-animation-name=\"customAnimationIn\" data-animation-duration=\"1000\">\n                    <div class=\"embed-responsive embed-responsive-1\">\n                      <iframe style=\"position: absolute;top: 0;left: 0;width: 100%;height: 100%;\" class=\"embed-responsive-item\" src=\"https:\/\/www.youtube.com\/embed\/U0pofOGGW3k?mute=0&amp;showinfo=0&amp;controls=1&amp;start=0\" allowfullscreen=\"\" frameborder=\"0\"><\/iframe>\n                    <\/div>\n                  <\/div>\n                <\/div>\n              <\/div>\n              <div class=\"u-align-left u-container-style u-layout-cell u-right-cell u-size-30 u-layout-cell-2\">\n                <div class=\"u-container-layout u-container-layout-2\">\n                  <div class=\"u-palette-1-base u-shape u-shape-circle u-shape-1\" data-animation-name=\"customAnimationIn\" data-animation-duration=\"1000\"><\/div>\n                  <h2 class=\"u-text u-text-1\"> Video<\/h2>\n                  <p class=\"u-text u-text-2\">Doroshenko-Deker\nSp. z o.o. - od 2004 roku \u015bwiadczymy pe\u0142ne\nus\u0142ugi serwisowe przy agregatach pr\u0105dotw\u00f3rczych (kogenerator\u00f3w).\nSztandarow\u0105 us\u0142ug\u0105 s\u0105 przegl\u0105dy okresowe agregat\u00f3w, w ramach\nkt\u00f3rych dokonujemy dostawy, wymiany i monta\u017cu cz\u0119\u015bci\neksploatacyjnych agregat\u00f3w pr\u0105dotw\u00f3rczych wraz z wykonaniem\nwszelkich niezb\u0119dnych kontroli i nastaw. Planowane przegl\u0105dy\nokresowe kogenerator\u00f3w maj\u0105 na celu utrzymanie agregatu\npr\u0105dotw\u00f3rczego w dobrym stanie technicznym oraz zapewnienie pe\u0142nej\ndyspozycyjno\u015bci i ci\u0105g\u0142o\u015bci jego pracy.&nbsp;<br>\n                  <\/p>\n                <\/div>\n              <\/div>\n            <\/div>\n          <\/div>\n        <\/div>\n      <\/div>\n    <\/section>\n    <section class=\"u-clearfix u-grey-10 u-section-3\" id=\"carousel_19a9\">\n      <div class=\"u-clearfix u-sheet u-valign-middle-xs u-sheet-1\">\n        <div class=\"u-clearfix u-expanded-width u-gutter-50 u-layout-wrap u-layout-wrap-1\">\n          <div class=\"u-layout\">\n            <div class=\"u-layout-row\">\n              <div class=\"u-align-left u-container-style u-layout-cell u-right-cell u-size-30 u-layout-cell-1\">\n                <div class=\"u-container-layout u-container-layout-1\">\n                  <div class=\"u-shape u-shape-circle u-white u-shape-1\" data-animation-name=\"customAnimationIn\" data-animation-duration=\"1000\"><\/div>\n                  <p class=\"u-text u-text-1\">\n                    <span style=\"font-weight: 700; font-size: 1.125rem;\"> Przegl\u0105d serwisowy E50 Deutz TBG 616V12K<\/span>\n                    <br>\n                    <br>Film przedstawia  serwis kogeneratora E50 Deutz (czyszczenie kom\u00f3r spalania). Kogenerator zasilany jest biogazem oczyszczalnianym o mocy 600 kW.<br>\n                  <\/p>\n                <\/div>\n              <\/div>\n              <div class=\"u-align-left u-container-style u-layout-cell u-left-cell u-size-30 u-layout-cell-2\">\n                <div class=\"u-container-layout u-container-layout-2\">\n                  <div class=\"u-expanded u-video u-video-1\" data-animation-name=\"customAnimationIn\" data-animation-duration=\"1000\">\n                    <div class=\"embed-responsive embed-responsive-1\">\n                      <iframe style=\"position: absolute;top: 0;left: 0;width: 100%;height: 100%;\" class=\"embed-responsive-item\" src=\"https:\/\/www.youtube.com\/embed\/VmleaAgCWCw?mute=0&amp;showinfo=0&amp;controls=1&amp;start=0\" allowfullscreen=\"\" frameborder=\"0\"><\/iframe>\n                    <\/div>\n                  <\/div>\n                <\/div>\n              <\/div>\n            <\/div>\n          <\/div>\n        <\/div>\n      <\/div>\n    <\/section>\n    <section class=\"u-clearfix u-section-4\" id=\"carousel_124e\">\n      <div class=\"u-clearfix u-sheet u-sheet-1\">\n        <div class=\"u-clearfix u-expanded-width u-gutter-50 u-layout-wrap u-layout-wrap-1\">\n          <div class=\"u-layout\">\n            <div class=\"u-layout-row\">\n              <div class=\"u-align-left u-container-style u-layout-cell u-left-cell u-size-30 u-layout-cell-1\">\n                <div class=\"u-container-layout u-container-layout-1\">\n                  <div class=\"u-expanded u-video u-video-1\" data-animation-name=\"customAnimationIn\" data-animation-duration=\"1000\">\n                    <div class=\"embed-responsive embed-responsive-1\">\n                      <iframe style=\"position: absolute;top: 0;left: 0;width: 100%;height: 100%;\" class=\"embed-responsive-item\" src=\"https:\/\/www.youtube.com\/embed\/IkWdg_dHve4?mute=0&amp;showinfo=0&amp;controls=1&amp;start=0\" allowfullscreen=\"\" frameborder=\"0\"><\/iframe>\n                    <\/div>\n                  <\/div>\n                <\/div>\n              <\/div>\n              <div class=\"u-align-left u-container-style u-layout-cell u-right-cell u-size-30 u-layout-cell-2\">\n                <div class=\"u-container-layout u-container-layout-2\">\n                  <div class=\"u-palette-1-base u-shape u-shape-circle u-shape-1\" data-animation-name=\"customAnimationIn\" data-animation-duration=\"1000\"><\/div>\n                  <p class=\"u-text u-text-1\">\n                    <span style=\"font-weight: 700; font-size: 1.125rem;\"> Serwis kogenerator\u00f3w MTU MB 3042 \/GC 370 B5<\/span>\n                    <br>\n                    <br> Serwis kogenerator\u00f3w MTU MB 3042 \/GC 370 B5 wraz z kalibracj\u0105 analizatora biogazu ExTox.<br>\n                  <\/p>\n                <\/div>\n              <\/div>\n            <\/div>\n          <\/div>\n        <\/div>\n      <\/div>\n    <\/section>\n    <section class=\"u-clearfix u-grey-10 u-section-5\" id=\"carousel_de35\">\n      <div class=\"u-clearfix u-sheet u-valign-middle-xs u-sheet-1\">\n        <div class=\"u-clearfix u-expanded-width u-gutter-50 u-layout-wrap u-layout-wrap-1\">\n          <div class=\"u-layout\">\n            <div class=\"u-layout-row\">\n              <div class=\"u-align-left u-container-style u-layout-cell u-right-cell u-size-30 u-layout-cell-1\">\n                <div class=\"u-container-layout u-container-layout-1\">\n                  <div class=\"u-shape u-shape-circle u-white u-shape-1\" data-animation-name=\"customAnimationIn\" data-animation-duration=\"1000\"><\/div>\n                  <p class=\"u-text u-text-1\">\n                    <span style=\"font-weight: 700; font-size: 1.125rem;\"> Remont Shortblock MWM TCG 2016 V16<\/span>\n                    <br>\n                    <br> Materia\u0142 przedstawia uj\u0119cia z przygotowania shortbloku silnika mwm 2016 v16.<br>\n                  <\/p>\n                <\/div>\n              <\/div>\n              <div class=\"u-align-left u-container-style u-layout-cell u-left-cell u-size-30 u-layout-cell-2\">\n                <div class=\"u-container-layout u-container-layout-2\">\n                  <div class=\"u-expanded u-video u-video-1\" data-animation-name=\"customAnimationIn\" data-animation-duration=\"1000\">\n                    <div class=\"embed-responsive embed-responsive-1\">\n                      <iframe style=\"position: absolute;top: 0;left: 0;width: 100%;height: 100%;\" class=\"embed-responsive-item\" src=\"https:\/\/www.youtube.com\/embed\/aRxq4m3M4vg?mute=0&amp;showinfo=0&amp;controls=1&amp;start=0\" allowfullscreen=\"\" frameborder=\"0\"><\/iframe>\n                    <\/div>\n                  <\/div>\n                <\/div>\n              <\/div>\n            <\/div>\n          <\/div>\n        <\/div>\n      <\/div>\n    <\/section>\n    \n    \n  \n","protected":false},"excerpt":{"rendered":"<p>Video Doroshenko-Deker Sp. z o.o. &#8211; od 2004 roku \u015bwiadczymy pe\u0142ne us\u0142ugi serwisowe przy agregatach pr\u0105dotw\u00f3rczych (kogenerator\u00f3w). Sztandarow\u0105 us\u0142ug\u0105 s\u0105 przegl\u0105dy okresowe agregat\u00f3w, w ramach kt\u00f3rych dokonujemy dostawy, wymiany i monta\u017cu cz\u0119\u015bci eksploatacyjnych agregat\u00f3w pr\u0105dotw\u00f3rczych wraz z wykonaniem wszelkich niezb\u0119dnych kontroli i nastaw. Planowane przegl\u0105dy okresowe kogenerator\u00f3w maj\u0105 na celu utrzymanie agregatu pr\u0105dotw\u00f3rczego w dobrym &hellip; <a href=\"https:\/\/en-decker.pl\/index.php\/video\/\" class=\"more-link\">Continue reading<span class=\"screen-reader-text\"> &#8222;Video&#8221;<\/span><\/a><\/p>\n","protected":false},"author":1,"featured_media":0,"parent":0,"menu_order":1,"comment_status":"closed","ping_status":"closed","template":"","meta":{"om_disable_all_campaigns":false,"_monsterinsights_skip_tracking":false,"_monsterinsights_sitenote_active":false,"_monsterinsights_sitenote_note":"","_monsterinsights_sitenote_category":0,"footnotes":""},"class_list":["post-106","page","type-page","status-publish","hentry"],"aioseo_notices":[],"_links":{"self":[{"href":"https:\/\/en-decker.pl\/index.php\/wp-json\/wp\/v2\/pages\/106","targetHints":{"allow":["GET"]}}],"collection":[{"href":"https:\/\/en-decker.pl\/index.php\/wp-json\/wp\/v2\/pages"}],"about":[{"href":"https:\/\/en-decker.pl\/index.php\/wp-json\/wp\/v2\/types\/page"}],"author":[{"embeddable":true,"href":"https:\/\/en-decker.pl\/index.php\/wp-json\/wp\/v2\/users\/1"}],"replies":[{"embeddable":true,"href":"https:\/\/en-decker.pl\/index.php\/wp-json\/wp\/v2\/comments?post=106"}],"version-history":[{"count":1,"href":"https:\/\/en-decker.pl\/index.php\/wp-json\/wp\/v2\/pages\/106\/revisions"}],"predecessor-version":[{"id":115,"href":"https:\/\/en-decker.pl\/index.php\/wp-json\/wp\/v2\/pages\/106\/revisions\/115"}],"wp:attachment":[{"href":"https:\/\/en-decker.pl\/index.php\/wp-json\/wp\/v2\/media?parent=106"}],"curies":[{"name":"wp","href":"https:\/\/api.w.org\/{rel}","templated":true}]}}